{"id":9503,"date":"2023-02-03T15:46:14","date_gmt":"2023-02-03T12:46:14","guid":{"rendered":"http:\/\/flammbodrum.com\/?page_id=9503"},"modified":"2023-05-08T18:59:10","modified_gmt":"2023-05-08T15:59:10","slug":"cancellation-and-refund-conditions","status":"publish","type":"page","link":"https:\/\/flammbodrum.com\/tr\/cancellation-and-refund-conditions\/","title":{"rendered":"Cancellation and Refund Conditions"},"content":{"rendered":"\t\t<div data-elementor-type=\"wp-page\" data-elementor-id=\"9503\" class=\"elementor elementor-9503\">\n\t\t\t\t\t\t<section class=\"elementor-section elementor-top-section elementor-element elementor-element-e8664ae elementor-section-boxed elementor-section-gap-beside-yes elementor-section-height-default elementor-section-height-default elementor-section-content-align-center elementor-section-column-vertical-align-stretch\" data-id=\"e8664ae\" data-element_type=\"section\">\n\t\t\t\t\t\t<div class=\"elementor-container elementor-column-gap-extended\">\n\t\t\t\t\t<div class=\"elementor-column elementor-col-100 elementor-top-column elementor-element elementor-element-04c001d\" data-id=\"04c001d\" data-element_type=\"column\">\n\t\t\t<div class=\"elementor-widget-wrap elementor-element-populated\">\n\t\t\t\t\t\t<div class=\"elementor-element elementor-element-30f67f9 elementor-widget__width-initial elementor-widget elementor-widget-heading\" data-id=\"30f67f9\" data-element_type=\"widget\" data-widget_type=\"heading.default\">\n\t\t\t\t<div class=\"elementor-widget-container\">\n\t\t\t<style>\/*! elementor - v3.19.0 - 29-01-2024 *\/\n.elementor-heading-title{padding:0;margin:0;line-height:1}.elementor-widget-heading .elementor-heading-title[class*=elementor-size-]>a{color:inherit;font-size:inherit;line-height:inherit}.elementor-widget-heading .elementor-heading-title.elementor-size-small{font-size:15px}.elementor-widget-heading .elementor-heading-title.elementor-size-medium{font-size:19px}.elementor-widget-heading .elementor-heading-title.elementor-size-large{font-size:29px}.elementor-widget-heading .elementor-heading-title.elementor-size-xl{font-size:39px}.elementor-widget-heading .elementor-heading-title.elementor-size-xxl{font-size:59px}<\/style><h2 class=\"elementor-heading-title elementor-size-default\">\u0130ptal ve \u0130ade Ko\u015fullar\u0131 <\/h2>\t\t<\/div>\n\t\t\t\t<\/div>\n\t\t\t\t<div class=\"elementor-element elementor-element-63e0b4e elementor-widget elementor-widget-text-editor\" data-id=\"63e0b4e\" data-element_type=\"widget\" data-widget_type=\"text-editor.default\">\n\t\t\t\t<div class=\"elementor-widget-container\">\n\t\t\t<style>\/*! elementor - v3.19.0 - 29-01-2024 *\/\n.elementor-widget-text-editor.elementor-drop-cap-view-stacked .elementor-drop-cap{background-color:#69727d;color:#fff}.elementor-widget-text-editor.elementor-drop-cap-view-framed .elementor-drop-cap{color:#69727d;border:3px solid;background-color:transparent}.elementor-widget-text-editor:not(.elementor-drop-cap-view-default) .elementor-drop-cap{margin-top:8px}.elementor-widget-text-editor:not(.elementor-drop-cap-view-default) .elementor-drop-cap-letter{width:1em;height:1em}.elementor-widget-text-editor .elementor-drop-cap{float:left;text-align:center;line-height:1;font-size:50px}.elementor-widget-text-editor .elementor-drop-cap-letter{display:inline-block}<\/style>\t\t\t\t<ul><li>\u0130ptal veya de\u011fi\u015fikli\u011fin var\u0131\u015f tarihinden 14 g\u00fcn \u00f6ncesine kadar yap\u0131lmas\u0131 durumunda \u00fccret uygulanmaz.<\/li><li>\u0130ptal veya de\u011fi\u015fikli\u011fin var\u0131\u015f tarihinden 7 g\u00fcn \u00f6ncesine kadar yap\u0131lmas\u0131 durumunda 1 gecelik konaklama \u00fccreti tahsil edilir.<\/li><li>\u0130ptalin 7 g\u00fcnden ge\u00e7 yap\u0131lmas\u0131 veya no-show durumunda rezervasyonun toplam tutar\u0131 tahsil edilir<\/li><li>Erken \u00f6deme indirimi ile ger\u00e7ekle\u015ftirilen rezervasyonlarda iade yap\u0131lmaz.<\/li><\/ul>\t\t\t\t\t\t<\/div>\n\t\t\t\t<\/div>\n\t\t\t\t\t<\/div>\n\t\t<\/div>\n\t\t\t\t\t<\/div>\n\t\t<\/section>\n\t\t\t\t<\/div>\n\t\t","protected":false},"excerpt":{"rendered":"<p>\u0130ptal ve \u0130ade Ko\u015fullar\u0131 \u0130ptal veya de\u011fi\u015fikli\u011fin var\u0131\u015f tarihinden 14 g\u00fcn \u00f6ncesine kadar yap\u0131lmas\u0131 durumunda \u00fccret uygulanmaz. \u0130ptal veya de\u011fi\u015fikli\u011fin var\u0131\u015f tarihinden 7 g\u00fcn \u00f6ncesine kadar yap\u0131lmas\u0131 durumunda 1 gecelik konaklama \u00fccreti tahsil edilir. \u0130ptalin 7 g\u00fcnden ge\u00e7 yap\u0131lmas\u0131 veya no-show durumunda rezervasyonun toplam tutar\u0131 tahsil edilir Erken \u00f6deme indirimi ile ger\u00e7ekle\u015ftirilen rezervasyonlarda iade yap\u0131lmaz.<\/p>\n","protected":false},"author":1,"featured_media":0,"parent":0,"menu_order":0,"comment_status":"closed","ping_status":"closed","template":"","meta":{"inline_featured_image":false,"ngg_post_thumbnail":0,"footnotes":""},"class_list":["post-9503","page","type-page","status-publish","hentry","post-no-thumbnail"],"yoast_head":"<!-- This site is optimized with the Yoast SEO plugin v26.5 - https:\/\/yoast.com\/wordpress\/plugins\/seo\/ -->\n<title>Cancellation and Refund Conditions - Flamm Bodrum<\/title>\n<meta name=\"robots\" content=\"index, follow, max-snippet:-1, max-image-preview:large, max-video-preview:-1\" \/>\n<link rel=\"canonical\" href=\"https:\/\/flammbodrum.com\/tr\/cancellation-and-refund-conditions\/\" \/>\n<meta property=\"og:locale\" content=\"tr_TR\" \/>\n<meta property=\"og:type\" content=\"article\" \/>\n<meta property=\"og:title\" content=\"Cancellation and Refund Conditions - Flamm Bodrum\" \/>\n<meta property=\"og:description\" content=\"\u0130ptal ve \u0130ade Ko\u015fullar\u0131 \u0130ptal veya de\u011fi\u015fikli\u011fin var\u0131\u015f tarihinden 14 g\u00fcn \u00f6ncesine kadar yap\u0131lmas\u0131 durumunda \u00fccret uygulanmaz. \u0130ptal veya de\u011fi\u015fikli\u011fin var\u0131\u015f tarihinden 7 g\u00fcn \u00f6ncesine kadar yap\u0131lmas\u0131 durumunda 1 gecelik konaklama \u00fccreti tahsil edilir. \u0130ptalin 7 g\u00fcnden ge\u00e7 yap\u0131lmas\u0131 veya no-show durumunda rezervasyonun toplam tutar\u0131 tahsil edilir Erken \u00f6deme indirimi ile ger\u00e7ekle\u015ftirilen rezervasyonlarda iade yap\u0131lmaz.\" \/>\n<meta property=\"og:url\" content=\"https:\/\/flammbodrum.com\/tr\/cancellation-and-refund-conditions\/\" \/>\n<meta property=\"og:site_name\" content=\"Flamm Bodrum\" \/>\n<meta property=\"article:modified_time\" content=\"2023-05-08T15:59:10+00:00\" \/>\n<meta name=\"twitter:card\" content=\"summary_large_image\" \/>\n<meta name=\"twitter:label1\" content=\"Tahmini okuma s\u00fcresi\" \/>\n\t<meta name=\"twitter:data1\" content=\"1 dakika\" \/>\n<script type=\"application\/ld+json\" class=\"yoast-schema-graph\">{\"@context\":\"https:\/\/schema.org\",\"@graph\":[{\"@type\":\"WebPage\",\"@id\":\"https:\/\/flammbodrum.com\/tr\/cancellation-and-refund-conditions\/\",\"url\":\"https:\/\/flammbodrum.com\/tr\/cancellation-and-refund-conditions\/\",\"name\":\"Cancellation and Refund Conditions - Flamm Bodrum\",\"isPartOf\":{\"@id\":\"https:\/\/flammbodrum.com\/tr\/#website\"},\"datePublished\":\"2023-02-03T12:46:14+00:00\",\"dateModified\":\"2023-05-08T15:59:10+00:00\",\"breadcrumb\":{\"@id\":\"https:\/\/flammbodrum.com\/tr\/cancellation-and-refund-conditions\/#breadcrumb\"},\"inLanguage\":\"tr\",\"potentialAction\":[{\"@type\":\"ReadAction\",\"target\":[\"https:\/\/flammbodrum.com\/tr\/cancellation-and-refund-conditions\/\"]}]},{\"@type\":\"BreadcrumbList\",\"@id\":\"https:\/\/flammbodrum.com\/tr\/cancellation-and-refund-conditions\/#breadcrumb\",\"itemListElement\":[{\"@type\":\"ListItem\",\"position\":1,\"name\":\"Anasayfa\",\"item\":\"https:\/\/flammbodrum.com\/tr\/\"},{\"@type\":\"ListItem\",\"position\":2,\"name\":\"Cancellation and Refund Conditions\"}]},{\"@type\":\"WebSite\",\"@id\":\"https:\/\/flammbodrum.com\/tr\/#website\",\"url\":\"https:\/\/flammbodrum.com\/tr\/\",\"name\":\"Flamm Bodrum\",\"description\":\"\",\"potentialAction\":[{\"@type\":\"SearchAction\",\"target\":{\"@type\":\"EntryPoint\",\"urlTemplate\":\"https:\/\/flammbodrum.com\/tr\/?s={search_term_string}\"},\"query-input\":{\"@type\":\"PropertyValueSpecification\",\"valueRequired\":true,\"valueName\":\"search_term_string\"}}],\"inLanguage\":\"tr\"}]}<\/script>\n<!-- \/ Yoast SEO plugin. -->","yoast_head_json":{"title":"Cancellation and Refund Conditions - Flamm Bodrum","robots":{"index":"index","follow":"follow","max-snippet":"max-snippet:-1","max-image-preview":"max-image-preview:large","max-video-preview":"max-video-preview:-1"},"canonical":"https:\/\/flammbodrum.com\/tr\/cancellation-and-refund-conditions\/","og_locale":"tr_TR","og_type":"article","og_title":"Cancellation and Refund Conditions - Flamm Bodrum","og_description":"\u0130ptal ve \u0130ade Ko\u015fullar\u0131 \u0130ptal veya de\u011fi\u015fikli\u011fin var\u0131\u015f tarihinden 14 g\u00fcn \u00f6ncesine kadar yap\u0131lmas\u0131 durumunda \u00fccret uygulanmaz. \u0130ptal veya de\u011fi\u015fikli\u011fin var\u0131\u015f tarihinden 7 g\u00fcn \u00f6ncesine kadar yap\u0131lmas\u0131 durumunda 1 gecelik konaklama \u00fccreti tahsil edilir. \u0130ptalin 7 g\u00fcnden ge\u00e7 yap\u0131lmas\u0131 veya no-show durumunda rezervasyonun toplam tutar\u0131 tahsil edilir Erken \u00f6deme indirimi ile ger\u00e7ekle\u015ftirilen rezervasyonlarda iade yap\u0131lmaz.","og_url":"https:\/\/flammbodrum.com\/tr\/cancellation-and-refund-conditions\/","og_site_name":"Flamm Bodrum","article_modified_time":"2023-05-08T15:59:10+00:00","twitter_card":"summary_large_image","twitter_misc":{"Tahmini okuma s\u00fcresi":"1 dakika"},"schema":{"@context":"https:\/\/schema.org","@graph":[{"@type":"WebPage","@id":"https:\/\/flammbodrum.com\/tr\/cancellation-and-refund-conditions\/","url":"https:\/\/flammbodrum.com\/tr\/cancellation-and-refund-conditions\/","name":"Cancellation and Refund Conditions - Flamm Bodrum","isPartOf":{"@id":"https:\/\/flammbodrum.com\/tr\/#website"},"datePublished":"2023-02-03T12:46:14+00:00","dateModified":"2023-05-08T15:59:10+00:00","breadcrumb":{"@id":"https:\/\/flammbodrum.com\/tr\/cancellation-and-refund-conditions\/#breadcrumb"},"inLanguage":"tr","potentialAction":[{"@type":"ReadAction","target":["https:\/\/flammbodrum.com\/tr\/cancellation-and-refund-conditions\/"]}]},{"@type":"BreadcrumbList","@id":"https:\/\/flammbodrum.com\/tr\/cancellation-and-refund-conditions\/#breadcrumb","itemListElement":[{"@type":"ListItem","position":1,"name":"Anasayfa","item":"https:\/\/flammbodrum.com\/tr\/"},{"@type":"ListItem","position":2,"name":"Cancellation and Refund Conditions"}]},{"@type":"WebSite","@id":"https:\/\/flammbodrum.com\/tr\/#website","url":"https:\/\/flammbodrum.com\/tr\/","name":"Flamm Bodrum","description":"","potentialAction":[{"@type":"SearchAction","target":{"@type":"EntryPoint","urlTemplate":"https:\/\/flammbodrum.com\/tr\/?s={search_term_string}"},"query-input":{"@type":"PropertyValueSpecification","valueRequired":true,"valueName":"search_term_string"}}],"inLanguage":"tr"}]}},"_links":{"self":[{"href":"https:\/\/flammbodrum.com\/tr\/wp-json\/wp\/v2\/pages\/9503","targetHints":{"allow":["GET"]}}],"collection":[{"href":"https:\/\/flammbodrum.com\/tr\/wp-json\/wp\/v2\/pages"}],"about":[{"href":"https:\/\/flammbodrum.com\/tr\/wp-json\/wp\/v2\/types\/page"}],"author":[{"embeddable":true,"href":"https:\/\/flammbodrum.com\/tr\/wp-json\/wp\/v2\/users\/1"}],"replies":[{"embeddable":true,"href":"https:\/\/flammbodrum.com\/tr\/wp-json\/wp\/v2\/comments?post=9503"}],"version-history":[{"count":0,"href":"https:\/\/flammbodrum.com\/tr\/wp-json\/wp\/v2\/pages\/9503\/revisions"}],"wp:attachment":[{"href":"https:\/\/flammbodrum.com\/tr\/wp-json\/wp\/v2\/media?parent=9503"}],"curies":[{"name":"wp","href":"https:\/\/api.w.org\/{rel}","templated":true}]}}