{"id":8487,"date":"2023-01-04T13:45:04","date_gmt":"2023-01-04T10:45:04","guid":{"rendered":"http:\/\/flammbodrum.com\/?page_id=8487"},"modified":"2025-08-14T13:54:28","modified_gmt":"2025-08-14T10:54:28","slug":"artflamm","status":"publish","type":"page","link":"https:\/\/flammbodrum.com\/tr\/artflamm\/","title":{"rendered":"art@flamm"},"content":{"rendered":"\t\t<div data-elementor-type=\"wp-page\" data-elementor-id=\"8487\" class=\"elementor elementor-8487\">\n\t\t\t\t\t\t<section class=\"elementor-section elementor-top-section elementor-element elementor-element-269217e0 elementor-section-full_width elementor-section-column-vertical-align-middle elementor-section-stretched elementor-section-height-min-height elementor-section-gap-beside-yes elementor-section-height-default elementor-section-items-middle\" data-id=\"269217e0\" data-element_type=\"section\" data-settings=\"{&quot;stretch_section&quot;:&quot;section-stretched&quot;,&quot;background_background&quot;:&quot;classic&quot;}\">\n\t\t\t\t\t\t<div class=\"elementor-container elementor-column-gap-extended\">\n\t\t\t\t\t<div class=\"elementor-column elementor-col-100 elementor-top-column elementor-element elementor-element-2114f3dc\" data-id=\"2114f3dc\" data-element_type=\"column\">\n\t\t\t<div class=\"elementor-widget-wrap elementor-element-populated\">\n\t\t\t\t\t\t<div class=\"elementor-element elementor-element-23c3f53c elementor-widget elementor-widget-heading\" data-id=\"23c3f53c\" data-element_type=\"widget\" data-widget_type=\"heading.default\">\n\t\t\t\t<div class=\"elementor-widget-container\">\n\t\t\t<style>\/*! elementor - v3.19.0 - 29-01-2024 *\/\n.elementor-heading-title{padding:0;margin:0;line-height:1}.elementor-widget-heading .elementor-heading-title[class*=elementor-size-]>a{color:inherit;font-size:inherit;line-height:inherit}.elementor-widget-heading .elementor-heading-title.elementor-size-small{font-size:15px}.elementor-widget-heading .elementor-heading-title.elementor-size-medium{font-size:19px}.elementor-widget-heading .elementor-heading-title.elementor-size-large{font-size:29px}.elementor-widget-heading .elementor-heading-title.elementor-size-xl{font-size:39px}.elementor-widget-heading .elementor-heading-title.elementor-size-xxl{font-size:59px}<\/style><h1 class=\"elementor-heading-title elementor-size-default\">art@flamm<\/h1>\t\t<\/div>\n\t\t\t\t<\/div>\n\t\t\t\t\t<\/div>\n\t\t<\/div>\n\t\t\t\t\t<\/div>\n\t\t<\/section>\n\t\t\t\t<section class=\"elementor-section elementor-top-section elementor-element elementor-element-a954c3c elementor-section-boxed elementor-section-gap-beside-yes elementor-section-height-default elementor-section-height-default elementor-section-column-vertical-align-stretch\" data-id=\"a954c3c\" data-element_type=\"section\">\n\t\t\t\t\t\t<div class=\"elementor-container elementor-column-gap-extended\">\n\t\t\t\t\t<div class=\"elementor-column elementor-col-100 elementor-top-column elementor-element elementor-element-d9e7118\" data-id=\"d9e7118\" data-element_type=\"column\">\n\t\t\t<div class=\"elementor-widget-wrap elementor-element-populated\">\n\t\t\t\t\t\t<div class=\"elementor-element elementor-element-208868b elementor-widget elementor-widget-heading\" data-id=\"208868b\" data-element_type=\"widget\" data-widget_type=\"heading.default\">\n\t\t\t\t<div class=\"elementor-widget-container\">\n\t\t\t<h2 class=\"elementor-heading-title elementor-size-default\">Sanat\u0131n \u0130nsanlarla Bulu\u015ftu\u011fu Bir Mekan<\/h2>\t\t<\/div>\n\t\t\t\t<\/div>\n\t\t\t\t\t<\/div>\n\t\t<\/div>\n\t\t\t\t\t<\/div>\n\t\t<\/section>\n\t\t\t\t<section class=\"elementor-section elementor-top-section elementor-element elementor-element-37ea169 elementor-section-boxed elementor-section-gap-beside-yes elementor-section-height-default elementor-section-height-default elementor-section-column-vertical-align-stretch\" data-id=\"37ea169\" data-element_type=\"section\">\n\t\t\t\t\t\t<div class=\"elementor-container elementor-column-gap-extended\">\n\t\t\t\t\t<div class=\"elementor-column elementor-col-100 elementor-top-column elementor-element elementor-element-7554cca\" data-id=\"7554cca\" data-element_type=\"column\">\n\t\t\t<div class=\"elementor-widget-wrap elementor-element-populated\">\n\t\t\t\t\t\t<div class=\"elementor-element elementor-element-0a158d0 elementor-widget elementor-widget-heading\" data-id=\"0a158d0\" data-element_type=\"widget\" data-widget_type=\"heading.default\">\n\t\t\t\t<div class=\"elementor-widget-container\">\n\t\t\t<span class=\"elementor-heading-title elementor-size-medium\">Flamm, Bodrum'un sosyal sahnesinin bir par\u00e7as\u0131 olmaya ve k\u00fclt\u00fcrle sanat\u0131 ilham verici ve renkli bir atmosferde bir araya getirmeye \u00f6nem veriyor. Sergi, a\u00e7\u0131k hava sinemas\u0131, g\u00fcn bat\u0131m\u0131 klasik m\u00fczik konseri ve benzerleri...  Sanat\u0131, d\u00fcnyam\u0131z\u0131n ayr\u0131lmaz bir par\u00e7as\u0131 olarak g\u00f6r\u00fcyoruz.<\/span>\t\t<\/div>\n\t\t\t\t<\/div>\n\t\t\t\t\t<\/div>\n\t\t<\/div>\n\t\t\t\t\t<\/div>\n\t\t<\/section>\n\t\t\t\t<section class=\"elementor-section elementor-top-section elementor-element elementor-element-5f18d87 elementor-section-boxed elementor-section-gap-beside-yes elementor-section-height-default elementor-section-height-default elementor-section-column-vertical-align-stretch\" data-id=\"5f18d87\" data-element_type=\"section\">\n\t\t\t\t\t\t<div class=\"elementor-container elementor-column-gap-extended\">\n\t\t\t\t\t<div class=\"elementor-column elementor-col-100 elementor-top-column elementor-element elementor-element-8edcf99\" data-id=\"8edcf99\" data-element_type=\"column\">\n\t\t\t<div class=\"elementor-widget-wrap elementor-element-populated\">\n\t\t\t\t\t\t<div class=\"elementor-element elementor-element-49f69df gallery-spacing-custom elementor-widget elementor-widget-image-gallery\" data-id=\"49f69df\" data-element_type=\"widget\" data-widget_type=\"image-gallery.default\">\n\t\t\t\t<div class=\"elementor-widget-container\">\n\t\t\t<style>\/*! elementor - v3.19.0 - 29-01-2024 *\/\n.elementor-image-gallery .gallery-item{display:inline-block;text-align:center;vertical-align:top;width:100%;max-width:100%;margin:0 auto}.elementor-image-gallery .gallery-item img{margin:0 auto}.elementor-image-gallery .gallery-item .gallery-caption{margin:0}.elementor-image-gallery figure img{display:block}.elementor-image-gallery figure figcaption{width:100%}.gallery-spacing-custom .elementor-image-gallery .gallery-icon{padding:0}@media (min-width:768px){.elementor-image-gallery .gallery-columns-2 .gallery-item{max-width:50%}.elementor-image-gallery .gallery-columns-3 .gallery-item{max-width:33.33%}.elementor-image-gallery .gallery-columns-4 .gallery-item{max-width:25%}.elementor-image-gallery .gallery-columns-5 .gallery-item{max-width:20%}.elementor-image-gallery .gallery-columns-6 .gallery-item{max-width:16.666%}.elementor-image-gallery .gallery-columns-7 .gallery-item{max-width:14.28%}.elementor-image-gallery .gallery-columns-8 .gallery-item{max-width:12.5%}.elementor-image-gallery .gallery-columns-9 .gallery-item{max-width:11.11%}.elementor-image-gallery .gallery-columns-10 .gallery-item{max-width:10%}}@media (min-width:480px) and (max-width:767px){.elementor-image-gallery .gallery.gallery-columns-2 .gallery-item,.elementor-image-gallery .gallery.gallery-columns-3 .gallery-item,.elementor-image-gallery .gallery.gallery-columns-4 .gallery-item,.elementor-image-gallery .gallery.gallery-columns-5 .gallery-item,.elementor-image-gallery .gallery.gallery-columns-6 .gallery-item,.elementor-image-gallery .gallery.gallery-columns-7 .gallery-item,.elementor-image-gallery .gallery.gallery-columns-8 .gallery-item,.elementor-image-gallery .gallery.gallery-columns-9 .gallery-item,.elementor-image-gallery .gallery.gallery-columns-10 .gallery-item{max-width:50%}}@media (max-width:479px){.elementor-image-gallery .gallery.gallery-columns-2 .gallery-item,.elementor-image-gallery .gallery.gallery-columns-3 .gallery-item,.elementor-image-gallery .gallery.gallery-columns-4 .gallery-item,.elementor-image-gallery .gallery.gallery-columns-5 .gallery-item,.elementor-image-gallery .gallery.gallery-columns-6 .gallery-item,.elementor-image-gallery .gallery.gallery-columns-7 .gallery-item,.elementor-image-gallery .gallery.gallery-columns-8 .gallery-item,.elementor-image-gallery .gallery.gallery-columns-9 .gallery-item,.elementor-image-gallery .gallery.gallery-columns-10 .gallery-item{max-width:100%}}<\/style>\t\t<div class=\"elementor-image-gallery\">\n\t\t\t<div id=\"jig1\" class=\"justified-image-grid jig-932e3edb52973f17f6aae333a032e295 jig-preset-global jig-source-wp-gallery\"><div class=\"jig-clearfix\"><\/div><noscript id=\"jig1-html\" class=\"justified-image-grid-html\" data-lazy-src=\"skiplazyload\" data-src=\"skipunveillazyload\"><ul><li><a href=\"https:\/\/flammbodrum.com\/tr\/wp-content\/uploads\/2023\/01\/2013.1.jpg\"><img decoding=\"async\" src=\"https:\/\/flammbodrum.com\/tr\/wp-content\/plugins\/justified-image-grid\/timthumb.php?src=https%3A%2F%2Fflammbodrum.com%2Ftr%2Fwp-content%2Fuploads%2F2023%2F01%2F2013.1.jpg&amp;h=230&amp;q=90&amp;f=.jpg\" alt=\"\" width=\"161\" height=\"230\" \/><\/a><\/li><li><a href=\"https:\/\/flammbodrum.com\/tr\/wp-content\/uploads\/2023\/01\/2016.2-1024x1024.png\"><img fetchpriority=\"high\" decoding=\"async\" src=\"https:\/\/flammbodrum.com\/tr\/wp-content\/plugins\/justified-image-grid\/timthumb.php?src=https%3A%2F%2Fflammbodrum.com%2Ftr%2Fwp-content%2Fuploads%2F2023%2F01%2F2016.2-1024x1024.png&amp;h=230&amp;q=90&amp;f=.png\" alt=\"\" width=\"230\" height=\"230\" \/><\/a><\/li><li><a href=\"https:\/\/flammbodrum.com\/tr\/wp-content\/uploads\/2023\/01\/2017.1-1024x1024.jpg\"><img decoding=\"async\" src=\"https:\/\/flammbodrum.com\/tr\/wp-content\/plugins\/justified-image-grid\/timthumb.php?src=https%3A%2F%2Fflammbodrum.com%2Ftr%2Fwp-content%2Fuploads%2F2023%2F01%2F2017.1-1024x1024.jpg&amp;h=230&amp;q=90&amp;f=.jpg\" alt=\"\" width=\"230\" height=\"230\" \/><\/a><\/li><li><a href=\"https:\/\/flammbodrum.com\/tr\/wp-content\/uploads\/2023\/01\/2017.2-1024x1024.jpg\"><img loading=\"lazy\" decoding=\"async\" src=\"https:\/\/flammbodrum.com\/tr\/wp-content\/plugins\/justified-image-grid\/timthumb.php?src=https%3A%2F%2Fflammbodrum.com%2Ftr%2Fwp-content%2Fuploads%2F2023%2F01%2F2017.2-1024x1024.jpg&amp;h=230&amp;q=90&amp;f=.jpg\" alt=\"\" width=\"230\" height=\"230\" \/><\/a><\/li><li><a href=\"https:\/\/flammbodrum.com\/tr\/wp-content\/uploads\/2023\/01\/2017.3-722x1024.jpg\"><img loading=\"lazy\" decoding=\"async\" src=\"https:\/\/flammbodrum.com\/tr\/wp-content\/plugins\/justified-image-grid\/timthumb.php?src=https%3A%2F%2Fflammbodrum.com%2Ftr%2Fwp-content%2Fuploads%2F2023%2F01%2F2017.3-722x1024.jpg&amp;h=230&amp;q=90&amp;f=.jpg\" alt=\"\" width=\"162\" height=\"230\" \/><\/a><\/li><li><a href=\"https:\/\/flammbodrum.com\/tr\/wp-content\/uploads\/2023\/01\/2018.1.jpg\"><img loading=\"lazy\" decoding=\"async\" src=\"https:\/\/flammbodrum.com\/tr\/wp-content\/plugins\/justified-image-grid\/timthumb.php?src=https%3A%2F%2Fflammbodrum.com%2Ftr%2Fwp-content%2Fuploads%2F2023%2F01%2F2018.1.jpg&amp;h=230&amp;q=90&amp;f=.jpg\" alt=\"\" width=\"196\" height=\"230\" \/><\/a><\/li><li><a href=\"https:\/\/flammbodrum.com\/tr\/wp-content\/uploads\/2023\/01\/2018.2-1024x1024.jpg\"><img loading=\"lazy\" decoding=\"async\" src=\"https:\/\/flammbodrum.com\/tr\/wp-content\/plugins\/justified-image-grid\/timthumb.php?src=https%3A%2F%2Fflammbodrum.com%2Ftr%2Fwp-content%2Fuploads%2F2023%2F01%2F2018.2-1024x1024.jpg&amp;h=230&amp;q=90&amp;f=.jpg\" alt=\"\" width=\"230\" height=\"230\" \/><\/a><\/li><li><a href=\"https:\/\/flammbodrum.com\/tr\/wp-content\/uploads\/2023\/01\/2019.1-1024x1024.jpg\"><img loading=\"lazy\" decoding=\"async\" src=\"https:\/\/flammbodrum.com\/tr\/wp-content\/plugins\/justified-image-grid\/timthumb.php?src=https%3A%2F%2Fflammbodrum.com%2Ftr%2Fwp-content%2Fuploads%2F2023%2F01%2F2019.1-1024x1024.jpg&amp;h=230&amp;q=90&amp;f=.jpg\" alt=\"\" width=\"230\" height=\"230\" \/><\/a><\/li><li><a href=\"https:\/\/flammbodrum.com\/tr\/wp-content\/uploads\/2023\/01\/2019.2-1024x1024.jpg\"><img loading=\"lazy\" decoding=\"async\" src=\"https:\/\/flammbodrum.com\/tr\/wp-content\/plugins\/justified-image-grid\/timthumb.php?src=https%3A%2F%2Fflammbodrum.com%2Ftr%2Fwp-content%2Fuploads%2F2023%2F01%2F2019.2-1024x1024.jpg&amp;h=230&amp;q=90&amp;f=.jpg\" alt=\"\" width=\"230\" height=\"230\" \/><\/a><\/li><li><a href=\"https:\/\/flammbodrum.com\/tr\/wp-content\/uploads\/2023\/01\/2019.3.jpg\"><img loading=\"lazy\" decoding=\"async\" src=\"https:\/\/flammbodrum.com\/tr\/wp-content\/plugins\/justified-image-grid\/timthumb.php?src=https%3A%2F%2Fflammbodrum.com%2Ftr%2Fwp-content%2Fuploads%2F2023%2F01%2F2019.3.jpg&amp;h=230&amp;q=90&amp;f=.jpg\" alt=\"\" width=\"230\" height=\"230\" \/><\/a><\/li><li><a href=\"https:\/\/flammbodrum.com\/tr\/wp-content\/uploads\/2023\/01\/2020.1-1024x1024.jpg\"><img loading=\"lazy\" decoding=\"async\" src=\"https:\/\/flammbodrum.com\/tr\/wp-content\/plugins\/justified-image-grid\/timthumb.php?src=https%3A%2F%2Fflammbodrum.com%2Ftr%2Fwp-content%2Fuploads%2F2023%2F01%2F2020.1-1024x1024.jpg&amp;h=230&amp;q=90&amp;f=.jpg\" alt=\"\" width=\"230\" height=\"230\" \/><\/a><\/li><li><a href=\"https:\/\/flammbodrum.com\/tr\/wp-content\/uploads\/2023\/01\/2020.2-1024x698.jpg\"><img loading=\"lazy\" decoding=\"async\" src=\"https:\/\/flammbodrum.com\/tr\/wp-content\/plugins\/justified-image-grid\/timthumb.php?src=https%3A%2F%2Fflammbodrum.com%2Ftr%2Fwp-content%2Fuploads%2F2023%2F01%2F2020.2-1024x698.jpg&amp;h=230&amp;q=90&amp;f=.jpg\" alt=\"\" width=\"337\" height=\"230\" \/><\/a><\/li><li><a href=\"https:\/\/flammbodrum.com\/tr\/wp-content\/uploads\/2023\/01\/2020.3-1024x1024.jpg\"><img loading=\"lazy\" decoding=\"async\" src=\"https:\/\/flammbodrum.com\/tr\/wp-content\/plugins\/justified-image-grid\/timthumb.php?src=https%3A%2F%2Fflammbodrum.com%2Ftr%2Fwp-content%2Fuploads%2F2023%2F01%2F2020.3-1024x1024.jpg&amp;h=230&amp;q=90&amp;f=.jpg\" alt=\"\" width=\"230\" height=\"230\" \/><\/a><\/li><li><a href=\"https:\/\/flammbodrum.com\/tr\/wp-content\/uploads\/2023\/01\/2021.1-1024x1024.jpg\"><img loading=\"lazy\" decoding=\"async\" src=\"https:\/\/flammbodrum.com\/tr\/wp-content\/plugins\/justified-image-grid\/timthumb.php?src=https%3A%2F%2Fflammbodrum.com%2Ftr%2Fwp-content%2Fuploads%2F2023%2F01%2F2021.1-1024x1024.jpg&amp;h=230&amp;q=90&amp;f=.jpg\" alt=\"\" width=\"230\" height=\"230\" \/><\/a><\/li><li><a href=\"https:\/\/flammbodrum.com\/tr\/wp-content\/uploads\/2023\/01\/2021.2-1024x1024.jpg\"><img loading=\"lazy\" decoding=\"async\" src=\"https:\/\/flammbodrum.com\/tr\/wp-content\/plugins\/justified-image-grid\/timthumb.php?src=https%3A%2F%2Fflammbodrum.com%2Ftr%2Fwp-content%2Fuploads%2F2023%2F01%2F2021.2-1024x1024.jpg&amp;h=230&amp;q=90&amp;f=.jpg\" alt=\"\" width=\"230\" height=\"230\" \/><\/a><\/li><li><a href=\"https:\/\/flammbodrum.com\/tr\/wp-content\/uploads\/2023\/01\/2022.1-1024x1024.png\"><img loading=\"lazy\" decoding=\"async\" src=\"https:\/\/flammbodrum.com\/tr\/wp-content\/plugins\/justified-image-grid\/timthumb.php?src=https%3A%2F%2Fflammbodrum.com%2Ftr%2Fwp-content%2Fuploads%2F2023%2F01%2F2022.1-1024x1024.png&amp;h=230&amp;q=90&amp;f=.png\" alt=\"\" width=\"230\" height=\"230\" \/><\/a><\/li><li><a href=\"https:\/\/flammbodrum.com\/tr\/wp-content\/uploads\/2025\/08\/flamm-tuz-biber-786x1024.jpg\"><img loading=\"lazy\" decoding=\"async\" src=\"https:\/\/flammbodrum.com\/tr\/wp-content\/plugins\/justified-image-grid\/timthumb.php?src=https%3A%2F%2Fflammbodrum.com%2Ftr%2Fwp-content%2Fuploads%2F2025%2F08%2Fflamm-tuz-biber-786x1024.jpg&amp;h=230&amp;q=90&amp;f=.jpg\" alt=\"\" width=\"176\" height=\"230\" \/><\/a><\/li><li><a href=\"https:\/\/flammbodrum.com\/tr\/wp-content\/uploads\/2025\/08\/baris-1024x1024.jpg\"><img loading=\"lazy\" decoding=\"async\" src=\"https:\/\/flammbodrum.com\/tr\/wp-content\/plugins\/justified-image-grid\/timthumb.php?src=https%3A%2F%2Fflammbodrum.com%2Ftr%2Fwp-content%2Fuploads%2F2025%2F08%2Fbaris-1024x1024.jpg&amp;h=230&amp;q=90&amp;f=.jpg\" alt=\"\" width=\"230\" height=\"230\" \/><\/a><\/li><li><a href=\"https:\/\/flammbodrum.com\/tr\/wp-content\/uploads\/2025\/08\/kalt-post-732x1024.jpg\"><img loading=\"lazy\" decoding=\"async\" src=\"https:\/\/flammbodrum.com\/tr\/wp-content\/plugins\/justified-image-grid\/timthumb.php?src=https%3A%2F%2Fflammbodrum.com%2Ftr%2Fwp-content%2Fuploads%2F2025%2F08%2Fkalt-post-732x1024.jpg&amp;h=230&amp;q=90&amp;f=.jpg\" alt=\"\" width=\"164\" height=\"230\" \/><\/a><\/li><li><a href=\"https:\/\/flammbodrum.com\/tr\/wp-content\/uploads\/2025\/08\/flamm-tuz-son-819x1024.jpg\"><img loading=\"lazy\" decoding=\"async\" src=\"https:\/\/flammbodrum.com\/tr\/wp-content\/plugins\/justified-image-grid\/timthumb.php?src=https%3A%2F%2Fflammbodrum.com%2Ftr%2Fwp-content%2Fuploads%2F2025%2F08%2Fflamm-tuz-son-819x1024.jpg&amp;h=230&amp;q=90&amp;f=.jpg\" alt=\"\" width=\"183\" height=\"230\" \/><\/a><\/li><\/ul><\/noscript><\/div>\t\t<\/div>\n\t\t\t\t<\/div>\n\t\t\t\t<\/div>\n\t\t\t\t\t<\/div>\n\t\t<\/div>\n\t\t\t\t\t<\/div>\n\t\t<\/section>\n\t\t\t\t<\/div>\n\t\t","protected":false},"excerpt":{"rendered":"<p>art@flamm Sanat\u0131n \u0130nsanlarla Bulu\u015ftu\u011fu Bir Mekan Flamm, Bodrum&#8217;un sosyal sahnesinin bir par\u00e7as\u0131 olmaya ve k\u00fclt\u00fcrle sanat\u0131 ilham verici ve renkli bir atmosferde bir araya getirmeye \u00f6nem veriyor. Sergi, a\u00e7\u0131k hava sinemas\u0131, g\u00fcn bat\u0131m\u0131 klasik m\u00fczik konseri ve benzerleri&#8230; Sanat\u0131, d\u00fcnyam\u0131z\u0131n ayr\u0131lmaz bir par\u00e7as\u0131 olarak g\u00f6r\u00fcyoruz.<\/p>\n","protected":false},"author":1,"featured_media":0,"parent":0,"menu_order":0,"comment_status":"closed","ping_status":"closed","template":"","meta":{"inline_featured_image":false,"ngg_post_thumbnail":0,"footnotes":""},"class_list":["post-8487","page","type-page","status-publish","hentry","post-no-thumbnail"],"yoast_head":"<!-- This site is optimized with the Yoast SEO plugin v26.5 - https:\/\/yoast.com\/wordpress\/plugins\/seo\/ -->\n<title>art@flamm - Flamm Bodrum<\/title>\n<meta name=\"robots\" content=\"index, follow, max-snippet:-1, max-image-preview:large, max-video-preview:-1\" \/>\n<link rel=\"canonical\" href=\"https:\/\/flammbodrum.com\/tr\/artflamm\/\" \/>\n<meta property=\"og:locale\" content=\"tr_TR\" \/>\n<meta property=\"og:type\" content=\"article\" \/>\n<meta property=\"og:title\" content=\"art@flamm - Flamm Bodrum\" \/>\n<meta property=\"og:description\" content=\"art@flamm Sanat\u0131n \u0130nsanlarla Bulu\u015ftu\u011fu Bir Mekan Flamm, Bodrum&#8217;un sosyal sahnesinin bir par\u00e7as\u0131 olmaya ve k\u00fclt\u00fcrle sanat\u0131 ilham verici ve renkli bir atmosferde bir araya getirmeye \u00f6nem veriyor. Sergi, a\u00e7\u0131k hava sinemas\u0131, g\u00fcn bat\u0131m\u0131 klasik m\u00fczik konseri ve benzerleri&#8230; Sanat\u0131, d\u00fcnyam\u0131z\u0131n ayr\u0131lmaz bir par\u00e7as\u0131 olarak g\u00f6r\u00fcyoruz.\" \/>\n<meta property=\"og:url\" content=\"https:\/\/flammbodrum.com\/tr\/artflamm\/\" \/>\n<meta property=\"og:site_name\" content=\"Flamm Bodrum\" \/>\n<meta property=\"article:modified_time\" content=\"2025-08-14T10:54:28+00:00\" \/>\n<meta property=\"og:image\" content=\"https:\/\/flammbodrum.com\/tr\/wp-content\/plugins\/justified-image-grid\/timthumb.php?src=https%3A%2F%2Fflammbodrum.com%2Ftr%2Fwp-content%2Fuploads%2F2023%2F01%2F2013.1.jpg&amp;h=230&amp;q=90&amp;f=.jpg\" \/>\n<meta name=\"twitter:card\" content=\"summary_large_image\" \/>\n<meta name=\"twitter:label1\" content=\"Tahmini okuma s\u00fcresi\" \/>\n\t<meta name=\"twitter:data1\" content=\"5 dakika\" \/>\n<script type=\"application\/ld+json\" class=\"yoast-schema-graph\">{\"@context\":\"https:\/\/schema.org\",\"@graph\":[{\"@type\":\"WebPage\",\"@id\":\"https:\/\/flammbodrum.com\/tr\/artflamm\/\",\"url\":\"https:\/\/flammbodrum.com\/tr\/artflamm\/\",\"name\":\"art@flamm - Flamm Bodrum\",\"isPartOf\":{\"@id\":\"https:\/\/flammbodrum.com\/tr\/#website\"},\"primaryImageOfPage\":{\"@id\":\"https:\/\/flammbodrum.com\/tr\/artflamm\/#primaryimage\"},\"image\":{\"@id\":\"https:\/\/flammbodrum.com\/tr\/artflamm\/#primaryimage\"},\"thumbnailUrl\":\"https:\/\/flammbodrum.com\/tr\/wp-content\/plugins\/justified-image-grid\/timthumb.php?src=https%3A%2F%2Fflammbodrum.com%2Ftr%2Fwp-content%2Fuploads%2F2023%2F01%2F2013.1.jpg&amp;h=230&amp;q=90&amp;f=.jpg\",\"datePublished\":\"2023-01-04T10:45:04+00:00\",\"dateModified\":\"2025-08-14T10:54:28+00:00\",\"breadcrumb\":{\"@id\":\"https:\/\/flammbodrum.com\/tr\/artflamm\/#breadcrumb\"},\"inLanguage\":\"tr\",\"potentialAction\":[{\"@type\":\"ReadAction\",\"target\":[\"https:\/\/flammbodrum.com\/tr\/artflamm\/\"]}]},{\"@type\":\"ImageObject\",\"inLanguage\":\"tr\",\"@id\":\"https:\/\/flammbodrum.com\/tr\/artflamm\/#primaryimage\",\"url\":\"https:\/\/flammbodrum.com\/tr\/wp-content\/plugins\/justified-image-grid\/timthumb.php?src=https%3A%2F%2Fflammbodrum.com%2Ftr%2Fwp-content%2Fuploads%2F2023%2F01%2F2013.1.jpg&amp;h=230&amp;q=90&amp;f=.jpg\",\"contentUrl\":\"https:\/\/flammbodrum.com\/tr\/wp-content\/plugins\/justified-image-grid\/timthumb.php?src=https%3A%2F%2Fflammbodrum.com%2Ftr%2Fwp-content%2Fuploads%2F2023%2F01%2F2013.1.jpg&amp;h=230&amp;q=90&amp;f=.jpg\"},{\"@type\":\"BreadcrumbList\",\"@id\":\"https:\/\/flammbodrum.com\/tr\/artflamm\/#breadcrumb\",\"itemListElement\":[{\"@type\":\"ListItem\",\"position\":1,\"name\":\"Anasayfa\",\"item\":\"https:\/\/flammbodrum.com\/tr\/\"},{\"@type\":\"ListItem\",\"position\":2,\"name\":\"art@flamm\"}]},{\"@type\":\"WebSite\",\"@id\":\"https:\/\/flammbodrum.com\/tr\/#website\",\"url\":\"https:\/\/flammbodrum.com\/tr\/\",\"name\":\"Flamm Bodrum\",\"description\":\"\",\"potentialAction\":[{\"@type\":\"SearchAction\",\"target\":{\"@type\":\"EntryPoint\",\"urlTemplate\":\"https:\/\/flammbodrum.com\/tr\/?s={search_term_string}\"},\"query-input\":{\"@type\":\"PropertyValueSpecification\",\"valueRequired\":true,\"valueName\":\"search_term_string\"}}],\"inLanguage\":\"tr\"}]}<\/script>\n<!-- \/ Yoast SEO plugin. -->","yoast_head_json":{"title":"art@flamm - Flamm Bodrum","robots":{"index":"index","follow":"follow","max-snippet":"max-snippet:-1","max-image-preview":"max-image-preview:large","max-video-preview":"max-video-preview:-1"},"canonical":"https:\/\/flammbodrum.com\/tr\/artflamm\/","og_locale":"tr_TR","og_type":"article","og_title":"art@flamm - Flamm Bodrum","og_description":"art@flamm Sanat\u0131n \u0130nsanlarla Bulu\u015ftu\u011fu Bir Mekan Flamm, Bodrum&#8217;un sosyal sahnesinin bir par\u00e7as\u0131 olmaya ve k\u00fclt\u00fcrle sanat\u0131 ilham verici ve renkli bir atmosferde bir araya getirmeye \u00f6nem veriyor. Sergi, a\u00e7\u0131k hava sinemas\u0131, g\u00fcn bat\u0131m\u0131 klasik m\u00fczik konseri ve benzerleri&#8230; Sanat\u0131, d\u00fcnyam\u0131z\u0131n ayr\u0131lmaz bir par\u00e7as\u0131 olarak g\u00f6r\u00fcyoruz.","og_url":"https:\/\/flammbodrum.com\/tr\/artflamm\/","og_site_name":"Flamm Bodrum","article_modified_time":"2025-08-14T10:54:28+00:00","og_image":[{"url":"https:\/\/flammbodrum.com\/tr\/wp-content\/plugins\/justified-image-grid\/timthumb.php?src=https%3A%2F%2Fflammbodrum.com%2Ftr%2Fwp-content%2Fuploads%2F2023%2F01%2F2013.1.jpg&amp;h=230&amp;q=90&amp;f=.jpg","type":"","width":"","height":""}],"twitter_card":"summary_large_image","twitter_misc":{"Tahmini okuma s\u00fcresi":"5 dakika"},"schema":{"@context":"https:\/\/schema.org","@graph":[{"@type":"WebPage","@id":"https:\/\/flammbodrum.com\/tr\/artflamm\/","url":"https:\/\/flammbodrum.com\/tr\/artflamm\/","name":"art@flamm - Flamm Bodrum","isPartOf":{"@id":"https:\/\/flammbodrum.com\/tr\/#website"},"primaryImageOfPage":{"@id":"https:\/\/flammbodrum.com\/tr\/artflamm\/#primaryimage"},"image":{"@id":"https:\/\/flammbodrum.com\/tr\/artflamm\/#primaryimage"},"thumbnailUrl":"https:\/\/flammbodrum.com\/tr\/wp-content\/plugins\/justified-image-grid\/timthumb.php?src=https%3A%2F%2Fflammbodrum.com%2Ftr%2Fwp-content%2Fuploads%2F2023%2F01%2F2013.1.jpg&amp;h=230&amp;q=90&amp;f=.jpg","datePublished":"2023-01-04T10:45:04+00:00","dateModified":"2025-08-14T10:54:28+00:00","breadcrumb":{"@id":"https:\/\/flammbodrum.com\/tr\/artflamm\/#breadcrumb"},"inLanguage":"tr","potentialAction":[{"@type":"ReadAction","target":["https:\/\/flammbodrum.com\/tr\/artflamm\/"]}]},{"@type":"ImageObject","inLanguage":"tr","@id":"https:\/\/flammbodrum.com\/tr\/artflamm\/#primaryimage","url":"https:\/\/flammbodrum.com\/tr\/wp-content\/plugins\/justified-image-grid\/timthumb.php?src=https%3A%2F%2Fflammbodrum.com%2Ftr%2Fwp-content%2Fuploads%2F2023%2F01%2F2013.1.jpg&amp;h=230&amp;q=90&amp;f=.jpg","contentUrl":"https:\/\/flammbodrum.com\/tr\/wp-content\/plugins\/justified-image-grid\/timthumb.php?src=https%3A%2F%2Fflammbodrum.com%2Ftr%2Fwp-content%2Fuploads%2F2023%2F01%2F2013.1.jpg&amp;h=230&amp;q=90&amp;f=.jpg"},{"@type":"BreadcrumbList","@id":"https:\/\/flammbodrum.com\/tr\/artflamm\/#breadcrumb","itemListElement":[{"@type":"ListItem","position":1,"name":"Anasayfa","item":"https:\/\/flammbodrum.com\/tr\/"},{"@type":"ListItem","position":2,"name":"art@flamm"}]},{"@type":"WebSite","@id":"https:\/\/flammbodrum.com\/tr\/#website","url":"https:\/\/flammbodrum.com\/tr\/","name":"Flamm Bodrum","description":"","potentialAction":[{"@type":"SearchAction","target":{"@type":"EntryPoint","urlTemplate":"https:\/\/flammbodrum.com\/tr\/?s={search_term_string}"},"query-input":{"@type":"PropertyValueSpecification","valueRequired":true,"valueName":"search_term_string"}}],"inLanguage":"tr"}]}},"_links":{"self":[{"href":"https:\/\/flammbodrum.com\/tr\/wp-json\/wp\/v2\/pages\/8487","targetHints":{"allow":["GET"]}}],"collection":[{"href":"https:\/\/flammbodrum.com\/tr\/wp-json\/wp\/v2\/pages"}],"about":[{"href":"https:\/\/flammbodrum.com\/tr\/wp-json\/wp\/v2\/types\/page"}],"author":[{"embeddable":true,"href":"https:\/\/flammbodrum.com\/tr\/wp-json\/wp\/v2\/users\/1"}],"replies":[{"embeddable":true,"href":"https:\/\/flammbodrum.com\/tr\/wp-json\/wp\/v2\/comments?post=8487"}],"version-history":[{"count":6,"href":"https:\/\/flammbodrum.com\/tr\/wp-json\/wp\/v2\/pages\/8487\/revisions"}],"predecessor-version":[{"id":12751,"href":"https:\/\/flammbodrum.com\/tr\/wp-json\/wp\/v2\/pages\/8487\/revisions\/12751"}],"wp:attachment":[{"href":"https:\/\/flammbodrum.com\/tr\/wp-json\/wp\/v2\/media?parent=8487"}],"curies":[{"name":"wp","href":"https:\/\/api.w.org\/{rel}","templated":true}]}}