{"id":5178,"date":"2021-03-19T03:01:23","date_gmt":"2021-03-19T03:01:23","guid":{"rendered":"http:\/\/localhost\/nuss\/?page_id=3"},"modified":"2023-05-08T19:01:23","modified_gmt":"2023-05-08T16:01:23","slug":"privacy-policy","status":"publish","type":"page","link":"https:\/\/flammbodrum.com\/tr\/privacy-policy\/","title":{"rendered":"Privacy Policy"},"content":{"rendered":"\t\t<div data-elementor-type=\"wp-page\" data-elementor-id=\"5178\" class=\"elementor elementor-5178\">\n\t\t\t\t\t\t<section class=\"elementor-section elementor-top-section elementor-element elementor-element-e8664ae elementor-section-boxed elementor-section-gap-beside-yes elementor-section-height-default elementor-section-height-default elementor-section-content-align-center elementor-section-column-vertical-align-stretch\" data-id=\"e8664ae\" data-element_type=\"section\">\n\t\t\t\t\t\t<div class=\"elementor-container elementor-column-gap-extended\">\n\t\t\t\t\t<div class=\"elementor-column elementor-col-100 elementor-top-column elementor-element elementor-element-04c001d\" data-id=\"04c001d\" data-element_type=\"column\">\n\t\t\t<div class=\"elementor-widget-wrap elementor-element-populated\">\n\t\t\t\t\t\t<div class=\"elementor-element elementor-element-30f67f9 elementor-widget__width-initial elementor-widget elementor-widget-heading\" data-id=\"30f67f9\" data-element_type=\"widget\" data-widget_type=\"heading.default\">\n\t\t\t\t<div class=\"elementor-widget-container\">\n\t\t\t<style>\/*! elementor - v3.19.0 - 29-01-2024 *\/\n.elementor-heading-title{padding:0;margin:0;line-height:1}.elementor-widget-heading .elementor-heading-title[class*=elementor-size-]>a{color:inherit;font-size:inherit;line-height:inherit}.elementor-widget-heading .elementor-heading-title.elementor-size-small{font-size:15px}.elementor-widget-heading .elementor-heading-title.elementor-size-medium{font-size:19px}.elementor-widget-heading .elementor-heading-title.elementor-size-large{font-size:29px}.elementor-widget-heading .elementor-heading-title.elementor-size-xl{font-size:39px}.elementor-widget-heading .elementor-heading-title.elementor-size-xxl{font-size:59px}<\/style><h2 class=\"elementor-heading-title elementor-size-default\">Gizlilik Politikas\u0131<\/h2>\t\t<\/div>\n\t\t\t\t<\/div>\n\t\t\t\t<div class=\"elementor-element elementor-element-29fa283 elementor-widget elementor-widget-text-editor\" data-id=\"29fa283\" data-element_type=\"widget\" data-widget_type=\"text-editor.default\">\n\t\t\t\t<div class=\"elementor-widget-container\">\n\t\t\t<style>\/*! elementor - v3.19.0 - 29-01-2024 *\/\n.elementor-widget-text-editor.elementor-drop-cap-view-stacked .elementor-drop-cap{background-color:#69727d;color:#fff}.elementor-widget-text-editor.elementor-drop-cap-view-framed .elementor-drop-cap{color:#69727d;border:3px solid;background-color:transparent}.elementor-widget-text-editor:not(.elementor-drop-cap-view-default) .elementor-drop-cap{margin-top:8px}.elementor-widget-text-editor:not(.elementor-drop-cap-view-default) .elementor-drop-cap-letter{width:1em;height:1em}.elementor-widget-text-editor .elementor-drop-cap{float:left;text-align:center;line-height:1;font-size:50px}.elementor-widget-text-editor .elementor-drop-cap-letter{display:inline-block}<\/style>\t\t\t\t<p>Flamm Bodrum, internet sitesini ziyaret eden sizlerin, payla\u015fm\u0131\u015f oldu\u011fu bilgilerin gizlili\u011fini sa\u011flamay\u0131 ilke olarak kabul etmi\u015ftir. Bu nedenle i\u015fbu \u201cGizlilik Politikas\u0131\u201d Sempe Turizm Otelcilik Ltd. \u015eti. (\u201cFlamm Bodrum\u201d)\u00a0 taraf\u0131ndan i\u015fletilmekte olan\u00a0<a href=\"https:\/\/www.flammbodrum.com\/\">www.flammbodrum.com<\/a>\u00a0internet sitesinin (\u201cSite\u201d) i\u015fletilmesi s\u0131ras\u0131nda Site kullan\u0131c\u0131lar\u0131\/ziyaret\u00e7ileri (\u201cVeri Sahibi\u201d) taraf\u0131ndan Flamm Bodrum ile payla\u015f\u0131lan veya Flamm Bodrum&#8217;un, Veri Sahibi\u2019nin Site\u2019yi kullan\u0131m\u0131 s\u0131ras\u0131nda \u00fcretti\u011fi ki\u015fisel verilerin kullan\u0131m\u0131na ili\u015fkin ko\u015ful ve \u015fartlar\u0131 a\u00e7\u0131klayarak sizi bilgilendirmek amac\u0131 ile olu\u015fturulmu\u015ftur. Flamm Bodrum taraf\u0131ndan sunulan hizmet k\u0131saca \u201cHizmet\u201d olarak an\u0131lacakt\u0131r.<\/p><p><br \/><strong>K\u0130\u015e\u0130SEL VER\u0130 VE VER\u0130 \u0130\u015eLEME NED\u0130R?<\/strong><\/p><p>\u00a0\u201cGizlilik Politikas\u0131\u201d \u00e7er\u00e7evesinde, kimli\u011finize ait ki\u015fisel bilgiler (ad, soyad\u0131, TC kimlik numaras\u0131 vb.) ba\u015fta olmak \u00fczere adres ve telefon bilgileri, meslek bilgisi, IP adresi, banka hesap bilgileri gibi sizinle ili\u015fkilendirilebilir nitelikteki her t\u00fcrl\u00fc bilgiyi\u00a0<strong>(\u201cKi\u015fisel Veri\u201d)<\/strong>\u00a0ve bunun bir \u00f6zel t\u00fcr\u00fc olan \u00d6zel Nitelikli Ki\u015fisel Veri ise \u0131rk, etnik k\u00f6ken, siyasi d\u00fc\u015f\u00fcnce, felsefi inan\u00e7, din, mezhep veya di\u011fer inan\u00e7lar, k\u0131l\u0131k ve k\u0131yafet, dernek, vak\u0131f ya da sendika \u00fcyeli\u011fi, sa\u011fl\u0131k, cinsel hayat, ceza mahk\u00fbmiyeti ve g\u00fcvenlik tedbirleriyle ilgili verileriniz ile biyometrik ve genetik verileriniz gibi hassas nitelikli ki\u015fisel verileri\u00a0<strong>(\u201c\u00d6zel Nitelikli Ki\u015fisel Veri\u201d)<\/strong>\u00a0ifade eder ve i\u015fbu \u201cGizlilik Politikas\u0131\u201dn\u0131n konusunu olu\u015fturur.<\/p><p><br \/><strong>G\u0130ZL\u0130L\u0130K POL\u0130T\u0130KASININ KAPSAMI<\/strong><\/p><p>Sunulan hizmetin bir par\u00e7as\u0131 olarak Flamm Bodrum, hizmet alan sizlere ili\u015fkin ki\u015fisel bilgileri i\u015fbu \u201cGizlilik Politikas\u0131\u201d kapsam\u0131nda toplayabilir, muhafaza edebilir ve\/veya aktarabilir. Bu t\u00fcr ki\u015fisel veri i\u015fleme faaliyetleri, 6698 say\u0131l\u0131 Ki\u015fisel Verilerin Korunmas\u0131 Kanunu (\u201cKVKK\u201d) \u2018na uygun olarak y\u00fcr\u00fct\u00fcl\u00fcr.<\/p><p>Sitemiz, \u00fc\u00e7\u00fcnc\u00fc taraf web sitelerine giden ba\u011flant\u0131lar i\u00e7ermekte olup verileriniz \u00fc\u00e7\u00fcnc\u00fc ki\u015filere aktar\u0131labilir. Bu \u201cGizlilik Politikas\u0131\u201d, bilgi aktar\u0131m\u0131 yap\u0131lan \u00fc\u00e7\u00fcnc\u00fc taraflar\u0131n gizlilik uygulamalar\u0131n\u0131 yans\u0131tmamaktad\u0131r ve onlar\u0131n gizlilik politikalar\u0131ndan ve\/ veya ki\u015fisel verileri i\u015fleme faaliyetlerinden Flamm Bodrum sorumlu de\u011fildir. \u0130\u015fbu \u201cGizlilik Politikas\u0131\u201d Flamm Bodrum&#8217;un kendi kontrol\u00fc d\u0131\u015f\u0131ndaki uygulamalar, \u00fc\u00e7\u00fcnc\u00fc taraflara ait web siteleri ve\/veya platformlar taraf\u0131ndan toplan\u0131lan bilgiler, \u00fc\u00e7\u00fcnc\u00fc taraflarca Flamm Bodrum web sitesindeki ba\u011flant\u0131lar \u00fczerinden toplanan bilgiler veya Flamm Bodrum\u2019un sponsor oldu\u011fu ve\/veya kat\u0131ld\u0131\u011f\u0131 \u00fc\u00e7\u00fcnc\u00fc taraf web siteleri \u00fczerindeki ba\u015fl\u0131klar, kampanyalar ve di\u011fer reklam veya tan\u0131t\u0131mlar\u0131 kapsamamaktad\u0131r. \u00dc\u00e7\u00fcnc\u00fc taraflar\u0131n kendi web siteleri yoluyla toplad\u0131\u011f\u0131, saklad\u0131\u011f\u0131 ve kulland\u0131\u011f\u0131 ki\u015fisel verilere y\u00f6nelik yap\u0131lan i\u015flemlerden Flamm Bodrum sorumlu olmay\u0131p bu sitelerde ki\u015fisel bilgi vermeniz ve\/veya bu siteleri kullanman\u0131z \/ ziyaret etmeniz halinde o sitelerdeki gizlilik politikas\u0131 ve hizmet kullan\u0131m \u015fartlar\u0131 ge\u00e7erlidir.<\/p>\t\t\t\t\t\t<\/div>\n\t\t\t\t<\/div>\n\t\t\t\t\t<\/div>\n\t\t<\/div>\n\t\t\t\t\t<\/div>\n\t\t<\/section>\n\t\t\t\t<\/div>\n\t\t","protected":false},"excerpt":{"rendered":"<p>Gizlilik Politikas\u0131 Flamm Bodrum, internet sitesini ziyaret eden sizlerin, payla\u015fm\u0131\u015f oldu\u011fu bilgilerin gizlili\u011fini sa\u011flamay\u0131 ilke olarak kabul etmi\u015ftir. Bu nedenle i\u015fbu \u201cGizlilik Politikas\u0131\u201d Sempe Turizm Otelcilik Ltd. \u015eti. (\u201cFlamm Bodrum\u201d)\u00a0 taraf\u0131ndan i\u015fletilmekte olan\u00a0www.flammbodrum.com\u00a0internet sitesinin (\u201cSite\u201d) i\u015fletilmesi s\u0131ras\u0131nda Site kullan\u0131c\u0131lar\u0131\/ziyaret\u00e7ileri (\u201cVeri Sahibi\u201d) taraf\u0131ndan Flamm Bodrum ile payla\u015f\u0131lan veya Flamm Bodrum&#8217;un, Veri Sahibi\u2019nin Site\u2019yi kullan\u0131m\u0131 s\u0131ras\u0131nda \u00fcretti\u011fi [&hellip;]<\/p>\n","protected":false},"author":1,"featured_media":0,"parent":0,"menu_order":0,"comment_status":"closed","ping_status":"open","template":"","meta":{"inline_featured_image":false,"ngg_post_thumbnail":0,"footnotes":""},"class_list":["post-5178","page","type-page","status-publish","hentry","post-no-thumbnail"],"yoast_head":"<!-- This site is optimized with the Yoast SEO plugin v26.5 - https:\/\/yoast.com\/wordpress\/plugins\/seo\/ -->\n<title>Privacy Policy - Flamm Bodrum<\/title>\n<meta name=\"robots\" content=\"index, follow, max-snippet:-1, max-image-preview:large, max-video-preview:-1\" \/>\n<link rel=\"canonical\" href=\"https:\/\/flammbodrum.com\/tr\/privacy-policy\/\" \/>\n<meta property=\"og:locale\" content=\"tr_TR\" \/>\n<meta property=\"og:type\" content=\"article\" \/>\n<meta property=\"og:title\" content=\"Privacy Policy - Flamm Bodrum\" \/>\n<meta property=\"og:description\" content=\"Gizlilik Politikas\u0131 Flamm Bodrum, internet sitesini ziyaret eden sizlerin, payla\u015fm\u0131\u015f oldu\u011fu bilgilerin gizlili\u011fini sa\u011flamay\u0131 ilke olarak kabul etmi\u015ftir. Bu nedenle i\u015fbu \u201cGizlilik Politikas\u0131\u201d Sempe Turizm Otelcilik Ltd. \u015eti. (\u201cFlamm Bodrum\u201d)\u00a0 taraf\u0131ndan i\u015fletilmekte olan\u00a0www.flammbodrum.com\u00a0internet sitesinin (\u201cSite\u201d) i\u015fletilmesi s\u0131ras\u0131nda Site kullan\u0131c\u0131lar\u0131\/ziyaret\u00e7ileri (\u201cVeri Sahibi\u201d) taraf\u0131ndan Flamm Bodrum ile payla\u015f\u0131lan veya Flamm Bodrum&#8217;un, Veri Sahibi\u2019nin Site\u2019yi kullan\u0131m\u0131 s\u0131ras\u0131nda \u00fcretti\u011fi [&hellip;]\" \/>\n<meta property=\"og:url\" content=\"https:\/\/flammbodrum.com\/tr\/privacy-policy\/\" \/>\n<meta property=\"og:site_name\" content=\"Flamm Bodrum\" \/>\n<meta property=\"article:modified_time\" content=\"2023-05-08T16:01:23+00:00\" \/>\n<meta name=\"twitter:card\" content=\"summary_large_image\" \/>\n<meta name=\"twitter:label1\" content=\"Tahmini okuma s\u00fcresi\" \/>\n\t<meta name=\"twitter:data1\" content=\"3 dakika\" \/>\n<script type=\"application\/ld+json\" class=\"yoast-schema-graph\">{\"@context\":\"https:\/\/schema.org\",\"@graph\":[{\"@type\":\"WebPage\",\"@id\":\"https:\/\/flammbodrum.com\/tr\/privacy-policy\/\",\"url\":\"https:\/\/flammbodrum.com\/tr\/privacy-policy\/\",\"name\":\"Privacy Policy - Flamm Bodrum\",\"isPartOf\":{\"@id\":\"https:\/\/flammbodrum.com\/tr\/#website\"},\"datePublished\":\"2021-03-19T03:01:23+00:00\",\"dateModified\":\"2023-05-08T16:01:23+00:00\",\"breadcrumb\":{\"@id\":\"https:\/\/flammbodrum.com\/tr\/privacy-policy\/#breadcrumb\"},\"inLanguage\":\"tr\",\"potentialAction\":[{\"@type\":\"ReadAction\",\"target\":[\"https:\/\/flammbodrum.com\/tr\/privacy-policy\/\"]}]},{\"@type\":\"BreadcrumbList\",\"@id\":\"https:\/\/flammbodrum.com\/tr\/privacy-policy\/#breadcrumb\",\"itemListElement\":[{\"@type\":\"ListItem\",\"position\":1,\"name\":\"Anasayfa\",\"item\":\"https:\/\/flammbodrum.com\/tr\/\"},{\"@type\":\"ListItem\",\"position\":2,\"name\":\"Privacy Policy\"}]},{\"@type\":\"WebSite\",\"@id\":\"https:\/\/flammbodrum.com\/tr\/#website\",\"url\":\"https:\/\/flammbodrum.com\/tr\/\",\"name\":\"Flamm Bodrum\",\"description\":\"\",\"potentialAction\":[{\"@type\":\"SearchAction\",\"target\":{\"@type\":\"EntryPoint\",\"urlTemplate\":\"https:\/\/flammbodrum.com\/tr\/?s={search_term_string}\"},\"query-input\":{\"@type\":\"PropertyValueSpecification\",\"valueRequired\":true,\"valueName\":\"search_term_string\"}}],\"inLanguage\":\"tr\"}]}<\/script>\n<!-- \/ Yoast SEO plugin. -->","yoast_head_json":{"title":"Privacy Policy - Flamm Bodrum","robots":{"index":"index","follow":"follow","max-snippet":"max-snippet:-1","max-image-preview":"max-image-preview:large","max-video-preview":"max-video-preview:-1"},"canonical":"https:\/\/flammbodrum.com\/tr\/privacy-policy\/","og_locale":"tr_TR","og_type":"article","og_title":"Privacy Policy - Flamm Bodrum","og_description":"Gizlilik Politikas\u0131 Flamm Bodrum, internet sitesini ziyaret eden sizlerin, payla\u015fm\u0131\u015f oldu\u011fu bilgilerin gizlili\u011fini sa\u011flamay\u0131 ilke olarak kabul etmi\u015ftir. Bu nedenle i\u015fbu \u201cGizlilik Politikas\u0131\u201d Sempe Turizm Otelcilik Ltd. \u015eti. (\u201cFlamm Bodrum\u201d)\u00a0 taraf\u0131ndan i\u015fletilmekte olan\u00a0www.flammbodrum.com\u00a0internet sitesinin (\u201cSite\u201d) i\u015fletilmesi s\u0131ras\u0131nda Site kullan\u0131c\u0131lar\u0131\/ziyaret\u00e7ileri (\u201cVeri Sahibi\u201d) taraf\u0131ndan Flamm Bodrum ile payla\u015f\u0131lan veya Flamm Bodrum&#8217;un, Veri Sahibi\u2019nin Site\u2019yi kullan\u0131m\u0131 s\u0131ras\u0131nda \u00fcretti\u011fi [&hellip;]","og_url":"https:\/\/flammbodrum.com\/tr\/privacy-policy\/","og_site_name":"Flamm Bodrum","article_modified_time":"2023-05-08T16:01:23+00:00","twitter_card":"summary_large_image","twitter_misc":{"Tahmini okuma s\u00fcresi":"3 dakika"},"schema":{"@context":"https:\/\/schema.org","@graph":[{"@type":"WebPage","@id":"https:\/\/flammbodrum.com\/tr\/privacy-policy\/","url":"https:\/\/flammbodrum.com\/tr\/privacy-policy\/","name":"Privacy Policy - Flamm Bodrum","isPartOf":{"@id":"https:\/\/flammbodrum.com\/tr\/#website"},"datePublished":"2021-03-19T03:01:23+00:00","dateModified":"2023-05-08T16:01:23+00:00","breadcrumb":{"@id":"https:\/\/flammbodrum.com\/tr\/privacy-policy\/#breadcrumb"},"inLanguage":"tr","potentialAction":[{"@type":"ReadAction","target":["https:\/\/flammbodrum.com\/tr\/privacy-policy\/"]}]},{"@type":"BreadcrumbList","@id":"https:\/\/flammbodrum.com\/tr\/privacy-policy\/#breadcrumb","itemListElement":[{"@type":"ListItem","position":1,"name":"Anasayfa","item":"https:\/\/flammbodrum.com\/tr\/"},{"@type":"ListItem","position":2,"name":"Privacy Policy"}]},{"@type":"WebSite","@id":"https:\/\/flammbodrum.com\/tr\/#website","url":"https:\/\/flammbodrum.com\/tr\/","name":"Flamm Bodrum","description":"","potentialAction":[{"@type":"SearchAction","target":{"@type":"EntryPoint","urlTemplate":"https:\/\/flammbodrum.com\/tr\/?s={search_term_string}"},"query-input":{"@type":"PropertyValueSpecification","valueRequired":true,"valueName":"search_term_string"}}],"inLanguage":"tr"}]}},"_links":{"self":[{"href":"https:\/\/flammbodrum.com\/tr\/wp-json\/wp\/v2\/pages\/5178","targetHints":{"allow":["GET"]}}],"collection":[{"href":"https:\/\/flammbodrum.com\/tr\/wp-json\/wp\/v2\/pages"}],"about":[{"href":"https:\/\/flammbodrum.com\/tr\/wp-json\/wp\/v2\/types\/page"}],"author":[{"embeddable":true,"href":"https:\/\/flammbodrum.com\/tr\/wp-json\/wp\/v2\/users\/1"}],"replies":[{"embeddable":true,"href":"https:\/\/flammbodrum.com\/tr\/wp-json\/wp\/v2\/comments?post=5178"}],"version-history":[{"count":0,"href":"https:\/\/flammbodrum.com\/tr\/wp-json\/wp\/v2\/pages\/5178\/revisions"}],"wp:attachment":[{"href":"https:\/\/flammbodrum.com\/tr\/wp-json\/wp\/v2\/media?parent=5178"}],"curies":[{"name":"wp","href":"https:\/\/api.w.org\/{rel}","templated":true}]}}