{"id":12700,"date":"2025-06-28T00:34:25","date_gmt":"2025-06-27T21:34:25","guid":{"rendered":"https:\/\/flammbodrum.com\/tr\/?page_id=12700"},"modified":"2025-08-13T14:07:35","modified_gmt":"2025-08-13T11:07:35","slug":"plaj","status":"publish","type":"page","link":"https:\/\/flammbodrum.com\/tr\/plaj\/","title":{"rendered":"Plaj"},"content":{"rendered":"\t\t<div data-elementor-type=\"wp-page\" data-elementor-id=\"12700\" class=\"elementor elementor-12700\">\n\t\t\t\t\t\t<section class=\"elementor-section elementor-top-section elementor-element elementor-element-aef8565 elementor-section-full_width elementor-section-column-vertical-align-middle elementor-section-stretched elementor-section-height-min-height elementor-section-height-default elementor-section-items-middle\" data-id=\"aef8565\" data-element_type=\"section\" data-settings=\"{&quot;stretch_section&quot;:&quot;section-stretched&quot;,&quot;background_background&quot;:&quot;classic&quot;}\">\n\t\t\t\t\t\t<div class=\"elementor-container elementor-column-gap-no\">\n\t\t\t\t\t<div class=\"elementor-column elementor-col-100 elementor-top-column elementor-element elementor-element-4f75dd9\" data-id=\"4f75dd9\" data-element_type=\"column\">\n\t\t\t<div class=\"elementor-widget-wrap elementor-element-populated\">\n\t\t\t\t\t\t<div class=\"elementor-element elementor-element-6c47a0d elementor-widget elementor-widget-heading\" data-id=\"6c47a0d\" data-element_type=\"widget\" data-widget_type=\"heading.default\">\n\t\t\t\t<div class=\"elementor-widget-container\">\n\t\t\t<style>\/*! elementor - v3.19.0 - 29-01-2024 *\/\n.elementor-heading-title{padding:0;margin:0;line-height:1}.elementor-widget-heading .elementor-heading-title[class*=elementor-size-]>a{color:inherit;font-size:inherit;line-height:inherit}.elementor-widget-heading .elementor-heading-title.elementor-size-small{font-size:15px}.elementor-widget-heading .elementor-heading-title.elementor-size-medium{font-size:19px}.elementor-widget-heading .elementor-heading-title.elementor-size-large{font-size:29px}.elementor-widget-heading .elementor-heading-title.elementor-size-xl{font-size:39px}.elementor-widget-heading .elementor-heading-title.elementor-size-xxl{font-size:59px}<\/style><h1 class=\"elementor-heading-title elementor-size-default\">Plaj<\/h1>\t\t<\/div>\n\t\t\t\t<\/div>\n\t\t\t\t\t<\/div>\n\t\t<\/div>\n\t\t\t\t\t<\/div>\n\t\t<\/section>\n\t\t\t\t<section class=\"elementor-section elementor-top-section elementor-element elementor-element-b34bfca elementor-section-boxed elementor-section-gap-beside-yes elementor-section-height-default elementor-section-height-default elementor-section-column-vertical-align-stretch\" data-id=\"b34bfca\" data-element_type=\"section\">\n\t\t\t\t\t\t<div class=\"elementor-container elementor-column-gap-extended\">\n\t\t\t\t\t<div class=\"elementor-column elementor-col-100 elementor-top-column elementor-element elementor-element-64a9591\" data-id=\"64a9591\" data-element_type=\"column\">\n\t\t\t<div class=\"elementor-widget-wrap elementor-element-populated\">\n\t\t\t\t\t\t<div class=\"elementor-element elementor-element-588777c elementor-widget elementor-widget-heading\" data-id=\"588777c\" data-element_type=\"widget\" data-widget_type=\"heading.default\">\n\t\t\t\t<div class=\"elementor-widget-container\">\n\t\t\t<h2 class=\"elementor-heading-title elementor-size-default\">Denizin, \u00e7imlerin ve g\u00fcne\u015fin tad\u0131n\u0131 \u00e7\u0131kar\u0131n.<\/h2>\t\t<\/div>\n\t\t\t\t<\/div>\n\t\t\t\t\t<\/div>\n\t\t<\/div>\n\t\t\t\t\t<\/div>\n\t\t<\/section>\n\t\t\t\t<section class=\"elementor-section elementor-top-section elementor-element elementor-element-c1ab6cd elementor-section-boxed elementor-section-gap-beside-yes elementor-section-height-default elementor-section-height-default elementor-section-column-vertical-align-stretch\" data-id=\"c1ab6cd\" data-element_type=\"section\">\n\t\t\t\t\t\t<div class=\"elementor-container elementor-column-gap-extended\">\n\t\t\t\t\t<div class=\"elementor-column elementor-col-100 elementor-top-column elementor-element elementor-element-9589074\" data-id=\"9589074\" data-element_type=\"column\">\n\t\t\t<div class=\"elementor-widget-wrap elementor-element-populated\">\n\t\t\t\t\t\t<div class=\"elementor-element elementor-element-c27fa6c elementor-widget elementor-widget-heading\" data-id=\"c27fa6c\" data-element_type=\"widget\" data-widget_type=\"heading.default\">\n\t\t\t\t<div class=\"elementor-widget-container\">\n\t\t\t<span class=\"elementor-heading-title elementor-size-medium\">Flamm\u2019\u0131n plaj\u0131, Bodrum\u2019da sakin ama enerjik bir atmosferde g\u00fcn\u00fcn keyfini \u00e7\u0131karmak isteyenler i\u00e7in ideal. <br>Geni\u015f \u00e7im alan\u0131, kum plaj\u0131, b\u00fcy\u00fck iskelesi ve berrak deniziyle hem otel misafirlerini hem de d\u0131\u015far\u0131dan gelen konuklar\u0131 a\u011f\u0131rl\u0131yor.<br><br>\u015eezlongunuza yerle\u015fin, bir kokteyl s\u00f6yleyin ve Ege g\u00fcne\u015finin tad\u0131n\u0131 \u00e7\u0131kar\u0131n. Dilerseniz yeme\u011finizi, i\u00e7ece\u011finizi oturdu\u011funuz yerden sipari\u015f verebilir; ta\u015f f\u0131r\u0131ndan \u00e7\u0131kan pizzalar, taze deniz \u00fcr\u00fcnleri, g\u00fcnl\u00fck Ege mezeleri, burger ve salatalar\u0131n keyfini \u00e7\u0131karabilirsiniz.<br><br>G\u00fcn boyu \u00e7alan lounge, funk ve chill-out m\u00fczikler plaj\u0131n ruhunu tamaml\u0131yor. Zaman zaman DJ performanslar\u0131 da oluyor ancak genel atmosfer her zaman dinlendirici ve keyifli kal\u0131yor. <br> <br>Denize ister kumluk b\u00f6l\u00fcmden y\u00fcr\u00fcyerek, ister iskeleden atlayarak girin\u2026 Her yol serinli\u011fe \u00e7\u0131kar.<br>\nWakeboard, jet ski ve ringo gibi su sporlar\u0131yla g\u00fcn\u00fcn\u00fcze hareket katmak da m\u00fcmk\u00fcn.\n<\/span>\t\t<\/div>\n\t\t\t\t<\/div>\n\t\t\t\t<div class=\"elementor-element elementor-element-09afdcd elementor-mobile-align-center elementor-align-center elementor-widget elementor-widget-button\" data-id=\"09afdcd\" data-element_type=\"widget\" data-widget_type=\"button.default\">\n\t\t\t\t<div class=\"elementor-widget-container\">\n\t\t\t\t\t<div class=\"elementor-button-wrapper\">\n\t\t\t<a class=\"elementor-button elementor-button-link elementor-size-sm\" href=\"https:\/\/guest.rezervem.com.tr\/flamm-bodrum-beach?source=webSite\" target=\"_blank\">\n\t\t\t\t\t\t<span class=\"elementor-button-content-wrapper\">\n\t\t\t\t\t\t<span class=\"elementor-button-text\"> <i class=\"fas fa-tree-palm\"><\/i> PLAJ<\/span>\n\t\t<\/span>\n\t\t\t\t\t<\/a>\n\t\t<\/div>\n\t\t\t\t<\/div>\n\t\t\t\t<\/div>\n\t\t\t\t\t<\/div>\n\t\t<\/div>\n\t\t\t\t\t<\/div>\n\t\t<\/section>\n\t\t\t\t<\/div>\n\t\t","protected":false},"excerpt":{"rendered":"<p>Plaj Denizin, \u00e7imlerin ve g\u00fcne\u015fin tad\u0131n\u0131 \u00e7\u0131kar\u0131n. Flamm\u2019\u0131n plaj\u0131, Bodrum\u2019da sakin ama enerjik bir atmosferde g\u00fcn\u00fcn keyfini \u00e7\u0131karmak isteyenler i\u00e7in ideal. Geni\u015f \u00e7im alan\u0131, kum plaj\u0131, b\u00fcy\u00fck iskelesi ve berrak deniziyle hem otel misafirlerini hem de d\u0131\u015far\u0131dan gelen konuklar\u0131 a\u011f\u0131rl\u0131yor. \u015eezlongunuza yerle\u015fin, bir kokteyl s\u00f6yleyin ve Ege g\u00fcne\u015finin tad\u0131n\u0131 \u00e7\u0131kar\u0131n. Dilerseniz yeme\u011finizi, i\u00e7ece\u011finizi oturdu\u011funuz yerden [&hellip;]<\/p>\n","protected":false},"author":1,"featured_media":0,"parent":0,"menu_order":0,"comment_status":"closed","ping_status":"closed","template":"","meta":{"inline_featured_image":false,"ngg_post_thumbnail":0,"footnotes":""},"class_list":["post-12700","page","type-page","status-publish","hentry","post-no-thumbnail"],"yoast_head":"<!-- This site is optimized with the Yoast SEO plugin v26.5 - https:\/\/yoast.com\/wordpress\/plugins\/seo\/ -->\n<title>Plaj - Flamm Bodrum<\/title>\n<meta name=\"robots\" content=\"index, follow, max-snippet:-1, max-image-preview:large, max-video-preview:-1\" \/>\n<link rel=\"canonical\" href=\"https:\/\/flammbodrum.com\/tr\/plaj\/\" \/>\n<meta property=\"og:locale\" content=\"tr_TR\" \/>\n<meta property=\"og:type\" content=\"article\" \/>\n<meta property=\"og:title\" content=\"Plaj - Flamm Bodrum\" \/>\n<meta property=\"og:description\" content=\"Plaj Denizin, \u00e7imlerin ve g\u00fcne\u015fin tad\u0131n\u0131 \u00e7\u0131kar\u0131n. Flamm\u2019\u0131n plaj\u0131, Bodrum\u2019da sakin ama enerjik bir atmosferde g\u00fcn\u00fcn keyfini \u00e7\u0131karmak isteyenler i\u00e7in ideal. Geni\u015f \u00e7im alan\u0131, kum plaj\u0131, b\u00fcy\u00fck iskelesi ve berrak deniziyle hem otel misafirlerini hem de d\u0131\u015far\u0131dan gelen konuklar\u0131 a\u011f\u0131rl\u0131yor. \u015eezlongunuza yerle\u015fin, bir kokteyl s\u00f6yleyin ve Ege g\u00fcne\u015finin tad\u0131n\u0131 \u00e7\u0131kar\u0131n. Dilerseniz yeme\u011finizi, i\u00e7ece\u011finizi oturdu\u011funuz yerden [&hellip;]\" \/>\n<meta property=\"og:url\" content=\"https:\/\/flammbodrum.com\/tr\/plaj\/\" \/>\n<meta property=\"og:site_name\" content=\"Flamm Bodrum\" \/>\n<meta property=\"article:modified_time\" content=\"2025-08-13T11:07:35+00:00\" \/>\n<meta name=\"twitter:card\" content=\"summary_large_image\" \/>\n<meta name=\"twitter:label1\" content=\"Tahmini okuma s\u00fcresi\" \/>\n\t<meta name=\"twitter:data1\" content=\"1 dakika\" \/>\n<script type=\"application\/ld+json\" class=\"yoast-schema-graph\">{\"@context\":\"https:\/\/schema.org\",\"@graph\":[{\"@type\":\"WebPage\",\"@id\":\"https:\/\/flammbodrum.com\/tr\/plaj\/\",\"url\":\"https:\/\/flammbodrum.com\/tr\/plaj\/\",\"name\":\"Plaj - Flamm Bodrum\",\"isPartOf\":{\"@id\":\"https:\/\/flammbodrum.com\/tr\/#website\"},\"datePublished\":\"2025-06-27T21:34:25+00:00\",\"dateModified\":\"2025-08-13T11:07:35+00:00\",\"breadcrumb\":{\"@id\":\"https:\/\/flammbodrum.com\/tr\/plaj\/#breadcrumb\"},\"inLanguage\":\"tr\",\"potentialAction\":[{\"@type\":\"ReadAction\",\"target\":[\"https:\/\/flammbodrum.com\/tr\/plaj\/\"]}]},{\"@type\":\"BreadcrumbList\",\"@id\":\"https:\/\/flammbodrum.com\/tr\/plaj\/#breadcrumb\",\"itemListElement\":[{\"@type\":\"ListItem\",\"position\":1,\"name\":\"Anasayfa\",\"item\":\"https:\/\/flammbodrum.com\/tr\/\"},{\"@type\":\"ListItem\",\"position\":2,\"name\":\"Plaj\"}]},{\"@type\":\"WebSite\",\"@id\":\"https:\/\/flammbodrum.com\/tr\/#website\",\"url\":\"https:\/\/flammbodrum.com\/tr\/\",\"name\":\"Flamm Bodrum\",\"description\":\"\",\"potentialAction\":[{\"@type\":\"SearchAction\",\"target\":{\"@type\":\"EntryPoint\",\"urlTemplate\":\"https:\/\/flammbodrum.com\/tr\/?s={search_term_string}\"},\"query-input\":{\"@type\":\"PropertyValueSpecification\",\"valueRequired\":true,\"valueName\":\"search_term_string\"}}],\"inLanguage\":\"tr\"}]}<\/script>\n<!-- \/ Yoast SEO plugin. -->","yoast_head_json":{"title":"Plaj - Flamm Bodrum","robots":{"index":"index","follow":"follow","max-snippet":"max-snippet:-1","max-image-preview":"max-image-preview:large","max-video-preview":"max-video-preview:-1"},"canonical":"https:\/\/flammbodrum.com\/tr\/plaj\/","og_locale":"tr_TR","og_type":"article","og_title":"Plaj - Flamm Bodrum","og_description":"Plaj Denizin, \u00e7imlerin ve g\u00fcne\u015fin tad\u0131n\u0131 \u00e7\u0131kar\u0131n. Flamm\u2019\u0131n plaj\u0131, Bodrum\u2019da sakin ama enerjik bir atmosferde g\u00fcn\u00fcn keyfini \u00e7\u0131karmak isteyenler i\u00e7in ideal. Geni\u015f \u00e7im alan\u0131, kum plaj\u0131, b\u00fcy\u00fck iskelesi ve berrak deniziyle hem otel misafirlerini hem de d\u0131\u015far\u0131dan gelen konuklar\u0131 a\u011f\u0131rl\u0131yor. \u015eezlongunuza yerle\u015fin, bir kokteyl s\u00f6yleyin ve Ege g\u00fcne\u015finin tad\u0131n\u0131 \u00e7\u0131kar\u0131n. Dilerseniz yeme\u011finizi, i\u00e7ece\u011finizi oturdu\u011funuz yerden [&hellip;]","og_url":"https:\/\/flammbodrum.com\/tr\/plaj\/","og_site_name":"Flamm Bodrum","article_modified_time":"2025-08-13T11:07:35+00:00","twitter_card":"summary_large_image","twitter_misc":{"Tahmini okuma s\u00fcresi":"1 dakika"},"schema":{"@context":"https:\/\/schema.org","@graph":[{"@type":"WebPage","@id":"https:\/\/flammbodrum.com\/tr\/plaj\/","url":"https:\/\/flammbodrum.com\/tr\/plaj\/","name":"Plaj - Flamm Bodrum","isPartOf":{"@id":"https:\/\/flammbodrum.com\/tr\/#website"},"datePublished":"2025-06-27T21:34:25+00:00","dateModified":"2025-08-13T11:07:35+00:00","breadcrumb":{"@id":"https:\/\/flammbodrum.com\/tr\/plaj\/#breadcrumb"},"inLanguage":"tr","potentialAction":[{"@type":"ReadAction","target":["https:\/\/flammbodrum.com\/tr\/plaj\/"]}]},{"@type":"BreadcrumbList","@id":"https:\/\/flammbodrum.com\/tr\/plaj\/#breadcrumb","itemListElement":[{"@type":"ListItem","position":1,"name":"Anasayfa","item":"https:\/\/flammbodrum.com\/tr\/"},{"@type":"ListItem","position":2,"name":"Plaj"}]},{"@type":"WebSite","@id":"https:\/\/flammbodrum.com\/tr\/#website","url":"https:\/\/flammbodrum.com\/tr\/","name":"Flamm Bodrum","description":"","potentialAction":[{"@type":"SearchAction","target":{"@type":"EntryPoint","urlTemplate":"https:\/\/flammbodrum.com\/tr\/?s={search_term_string}"},"query-input":{"@type":"PropertyValueSpecification","valueRequired":true,"valueName":"search_term_string"}}],"inLanguage":"tr"}]}},"_links":{"self":[{"href":"https:\/\/flammbodrum.com\/tr\/wp-json\/wp\/v2\/pages\/12700","targetHints":{"allow":["GET"]}}],"collection":[{"href":"https:\/\/flammbodrum.com\/tr\/wp-json\/wp\/v2\/pages"}],"about":[{"href":"https:\/\/flammbodrum.com\/tr\/wp-json\/wp\/v2\/types\/page"}],"author":[{"embeddable":true,"href":"https:\/\/flammbodrum.com\/tr\/wp-json\/wp\/v2\/users\/1"}],"replies":[{"embeddable":true,"href":"https:\/\/flammbodrum.com\/tr\/wp-json\/wp\/v2\/comments?post=12700"}],"version-history":[{"count":16,"href":"https:\/\/flammbodrum.com\/tr\/wp-json\/wp\/v2\/pages\/12700\/revisions"}],"predecessor-version":[{"id":12744,"href":"https:\/\/flammbodrum.com\/tr\/wp-json\/wp\/v2\/pages\/12700\/revisions\/12744"}],"wp:attachment":[{"href":"https:\/\/flammbodrum.com\/tr\/wp-json\/wp\/v2\/media?parent=12700"}],"curies":[{"name":"wp","href":"https:\/\/api.w.org\/{rel}","templated":true}]}}